{"id":69,"date":"2020-01-27T08:05:29","date_gmt":"2020-01-27T08:05:29","guid":{"rendered":"https:\/\/demosites.io\/web-agency-gb\/?page_id=69"},"modified":"2020-07-02T04:37:52","modified_gmt":"2020-07-02T04:37:52","slug":"15c42-web-agency-gb-portfolio","status":"publish","type":"page","link":"https:\/\/serviciosgasc.com\/index.php\/15c42-web-agency-gb-portfolio\/","title":{"rendered":"Portfolio"},"content":{"rendered":"\t\t<div data-elementor-type=\"wp-page\" data-elementor-id=\"69\" class=\"elementor elementor-69\" data-elementor-settings=\"[]\">\n\t\t\t\t\t\t<div class=\"elementor-inner\">\n\t\t\t\t\t\t\t<div class=\"elementor-section-wrap\">\n\t\t\t\t\t\t\t<section class=\"elementor-section elementor-top-section elementor-element elementor-element-6efb230a elementor-section-boxed elementor-section-height-default elementor-section-height-default\" data-id=\"6efb230a\" data-element_type=\"section\">\n\t\t\t\t\t\t<div class=\"elementor-container elementor-column-gap-default\">\n\t\t\t\t\t\t\t<div class=\"elementor-row\">\n\t\t\t\t\t<div class=\"elementor-column elementor-col-100 elementor-top-column elementor-element elementor-element-17a3ac1d\" data-id=\"17a3ac1d\" data-element_type=\"column\">\n\t\t\t<div class=\"elementor-column-wrap elementor-element-populated\">\n\t\t\t\t\t\t\t<div class=\"elementor-widget-wrap\">\n\t\t\t\t\t\t<div class=\"elementor-element elementor-element-39124a43 elementor-widget elementor-widget-text-editor\" data-id=\"39124a43\" data-element_type=\"widget\" data-widget_type=\"text-editor.default\">\n\t\t\t\t<div class=\"elementor-widget-container\">\n\t\t\t\t\t\t\t\t<div class=\"elementor-text-editor elementor-clearfix\">\n\t\t\t\t<!-- wp:themeisle-blocks\/advanced-columns {\"id\":\"wp-block-themeisle-blocks-advanced-columns-b98a6c53\",\"columns\":1,\"layout\":\"equal\",\"columnsGap\":\"wide\",\"paddingType\":\"unlinked\",\"paddingTypeTablet\":\"unlinked\",\"paddingTablet\":40,\"paddingMobile\":20,\"paddingTop\":40,\"paddingTopTablet\":40,\"paddingTopMobile\":20,\"paddingRightTablet\":20,\"paddingRightMobile\":20,\"paddingBottom\":40,\"paddingBottomTablet\":40,\"paddingBottomMobile\":20,\"paddingLeftTablet\":20,\"paddingLeftMobile\":20,\"marginTablet\":20,\"marginMobile\":20,\"marginTop\":0,\"marginTopTablet\":0,\"marginTopMobile\":0,\"marginBottom\":0,\"marginBottomTablet\":0,\"marginBottomMobile\":0,\"columnsWidth\":1170,\"horizontalAlign\":\"center\",\"columnsHeightCustom\":589,\"verticalAlign\":\"center\",\"backgroundColor\":\"#ffffff\",\"align\":\"full\"} -->\n<div id=\"wp-block-themeisle-blocks-advanced-columns-b98a6c53\" class=\"wp-block-themeisle-blocks-advanced-columns alignfull has-1-columns has-desktop-equal-layout has-tablet-equal-layout has-mobile-equal-layout has-wide-gap has-vertical-center\">\n<div class=\"wp-block-themeisle-blocks-advanced-columns-overlay\">\u00a0<\/div>\n<div class=\"innerblocks-wrap\"><!-- wp:themeisle-blocks\/advanced-column {\"id\":\"wp-block-themeisle-blocks-advanced-column-4b576f39\",\"paddingTablet\":20,\"paddingMobile\":20,\"paddingTopTablet\":20,\"paddingTopMobile\":20,\"paddingRightTablet\":20,\"paddingRightMobile\":20,\"paddingBottomTablet\":20,\"paddingBottomMobile\":20,\"paddingLeftTablet\":20,\"paddingLeftMobile\":20,\"marginType\":\"linked\",\"margin\":0,\"marginTablet\":20,\"marginMobile\":20,\"marginTop\":0,\"marginTopTablet\":20,\"marginTopMobile\":20,\"marginRight\":20,\"marginRightTablet\":0,\"marginRightMobile\":0,\"marginBottomTablet\":20,\"marginBottomMobile\":20,\"marginLeft\":20,\"marginLeftTablet\":0,\"marginLeftMobile\":0,\"backgroundColor\":\"#ffffff\",\"columnWidth\":\"100\"} -->\n<div id=\"wp-block-themeisle-blocks-advanced-column-4b576f39\" class=\"wp-block-themeisle-blocks-advanced-column\"><!-- wp:themeisle-blocks\/service -->\n<div class=\"wp-block-themeisle-blocks-service\"><!-- wp:themeisle-blocks\/advanced-heading {\"id\":\"wp-block-themeisle-blocks-advanced-heading-9e80ef95\",\"tag\":\"h1\",\"align\":\"left\",\"paddingTablet\":0,\"paddingMobile\":0,\"paddingTopTablet\":0,\"paddingTopMobile\":0,\"paddingRightTablet\":0,\"paddingRightMobile\":0,\"paddingBottomTablet\":0,\"paddingBottomMobile\":0,\"paddingLeftTablet\":0,\"paddingLeftMobile\":0,\"marginTablet\":0,\"marginMobile\":0,\"marginTopTablet\":0,\"marginTopMobile\":0,\"marginBottom\":20,\"marginBottomTablet\":25,\"marginBottomMobile\":20} -->\n<h1 id=\"wp-block-themeisle-blocks-advanced-heading-9e80ef95\" class=\"wp-block-themeisle-blocks-advanced-heading wp-block-themeisle-blocks-advanced-heading-9e80ef95\"><span style=\"color: #ff6600;\">Servicios<\/span><\/h1>\n<!-- \/wp:themeisle-blocks\/advanced-heading --><\/div>\n<!-- \/wp:themeisle-blocks\/service --><\/div>\n<!-- \/wp:themeisle-blocks\/advanced-column --><\/div>\n<\/div>\n<!-- \/wp:themeisle-blocks\/advanced-columns --><!-- wp:themeisle-blocks\/advanced-columns {\"id\":\"wp-block-themeisle-blocks-advanced-columns-628b835d\",\"columns\":2,\"layout\":\"equal\",\"layoutMobile\":\"collapsedRows\",\"columnsGap\":\"nogap\",\"paddingType\":\"unlinked\",\"paddingTypeTablet\":\"unlinked\",\"paddingTypeMobile\":\"unlinked\",\"paddingTablet\":80,\"paddingMobile\":20,\"paddingTop\":80,\"paddingTopTablet\":40,\"paddingTopMobile\":20,\"paddingRightTablet\":20,\"paddingRightMobile\":20,\"paddingBottomTablet\":20,\"paddingBottomMobile\":20,\"paddingLeftTablet\":20,\"paddingLeftMobile\":20,\"marginTablet\":20,\"marginMobile\":20,\"marginTop\":0,\"marginTopTablet\":0,\"marginTopMobile\":0,\"marginBottom\":0,\"marginBottomTablet\":0,\"marginBottomMobile\":0,\"columnsWidth\":1170,\"horizontalAlign\":\"center\",\"columnsHeightCustom\":589,\"verticalAlign\":\"center\",\"backgroundColor\":\"#eef0ed\",\"align\":\"full\"} -->\n<div id=\"wp-block-themeisle-blocks-advanced-columns-628b835d\" class=\"wp-block-themeisle-blocks-advanced-columns alignfull has-2-columns has-desktop-equal-layout has-tablet-equal-layout has-mobile-collapsedRows-layout has-nogap-gap has-vertical-center\">\n<div class=\"wp-block-themeisle-blocks-advanced-columns-overlay\">\u00a0<\/div>\n<div class=\"innerblocks-wrap\"><!-- wp:themeisle-blocks\/advanced-column {\"id\":\"wp-block-themeisle-blocks-advanced-column-e92e252c\",\"paddingTablet\":20,\"paddingMobile\":20,\"paddingTopTablet\":20,\"paddingTopMobile\":20,\"paddingRightTablet\":20,\"paddingRightMobile\":20,\"paddingBottomTablet\":20,\"paddingBottomMobile\":20,\"paddingLeftTablet\":20,\"paddingLeftMobile\":20,\"marginType\":\"linked\",\"margin\":0,\"marginTablet\":20,\"marginMobile\":20,\"marginTop\":0,\"marginTopTablet\":0,\"marginTopMobile\":0,\"marginRight\":20,\"marginRightTablet\":0,\"marginRightMobile\":0,\"marginBottomTablet\":0,\"marginBottomMobile\":0,\"marginLeft\":20,\"marginLeftTablet\":0,\"marginLeftMobile\":0,\"columnWidth\":\"50\"} -->\n<div id=\"wp-block-themeisle-blocks-advanced-column-e92e252c\" class=\"wp-block-themeisle-blocks-advanced-column\"><!-- wp:image {\"id\":37,\"sizeSlug\":\"large\",\"className\":\"is-style-default\",\"hasCustomCSS\":true} -->\n<figure class=\"wp-block-image size-large is-style-default\"><img loading=\"lazy\" class=\"alignnone wp-image-177 size-full\" src=\"https:\/\/serviciosgasc.com\/wp-content\/uploads\/2020\/07\/soporte.jpg\" alt=\"\" width=\"512\" height=\"331\" srcset=\"https:\/\/serviciosgasc.com\/wp-content\/uploads\/2020\/07\/soporte.jpg 512w, https:\/\/serviciosgasc.com\/wp-content\/uploads\/2020\/07\/soporte-300x194.jpg 300w\" sizes=\"(max-width: 512px) 100vw, 512px\" \/><\/figure>\n<!-- \/wp:image --><!-- wp:heading {\"align\":\"center\",\"level\":3} -->\n<h3 class=\"has-text-align-center\"><span style=\"color: #3366ff;\">Soporte T\u00e9cnico B\u00e1sico<\/span><\/h3>\n<!-- \/wp:heading --><!-- wp:paragraph {\"align\":\"center\"} -->\n<p class=\"has-text-align-center\">Instalaci\u00f3n, configuraci\u00f3n, mantenimiento y diagn\u00f3stico de impresoras, computadores de escritorio y port\u00e1tiles con los sistemas operativos Windows y Mac OS<\/p>\n<!-- \/wp:paragraph --><!-- wp:button {\"textColor\":\"black\",\"customBackgroundColor\":\"#fcaf3b\",\"borderRadius\":0,\"align\":\"center\",\"className\":\"is-style-fill\"} -->\n<div class=\"wp-block-button aligncenter is-style-fill\">\u00a0<\/div>\n<!-- \/wp:button --><\/div>\n<!-- \/wp:themeisle-blocks\/advanced-column --><!-- wp:themeisle-blocks\/advanced-column {\"id\":\"wp-block-themeisle-blocks-advanced-column-0123c61e\",\"paddingTablet\":20,\"paddingMobile\":20,\"paddingTopTablet\":20,\"paddingTopMobile\":20,\"paddingRightTablet\":20,\"paddingRightMobile\":20,\"paddingBottomTablet\":20,\"paddingBottomMobile\":20,\"paddingLeftTablet\":20,\"paddingLeftMobile\":20,\"marginTablet\":20,\"marginMobile\":20,\"marginTop\":0,\"marginTopTablet\":20,\"marginTopMobile\":20,\"marginRightTablet\":0,\"marginRightMobile\":0,\"marginBottom\":0,\"marginBottomTablet\":20,\"marginBottomMobile\":20,\"marginLeftTablet\":0,\"marginLeftMobile\":0,\"backgroundImageID\":38,\"backgroundImageURL\":\"https:\/\/s33834.pcdn.co\/neve-web-agency-gb\/wp-content\/uploads\/sites\/422\/2020\/01\/neve-web-design-bg-11.jpg\",\"columnWidth\":\"50\",\"className\":\"ticss-44eccd86\",\"hasCustomCSS\":true,\"customCSS\":\"\"} -->\n<div id=\"wp-block-themeisle-blocks-advanced-column-0123c61e\" class=\"wp-block-themeisle-blocks-advanced-column ticss-44eccd86\"><!-- wp:image {\"id\":40,\"sizeSlug\":\"large\",\"className\":\"is-style-default\",\"hasCustomCSS\":true} -->\n<figure class=\"wp-block-image size-large is-style-default\"><img loading=\"lazy\" class=\"alignnone wp-image-178 size-full\" src=\"https:\/\/serviciosgasc.com\/wp-content\/uploads\/2020\/07\/Redes-1.jpg\" alt=\"\" width=\"800\" height=\"561\" srcset=\"https:\/\/serviciosgasc.com\/wp-content\/uploads\/2020\/07\/Redes-1.jpg 800w, https:\/\/serviciosgasc.com\/wp-content\/uploads\/2020\/07\/Redes-1-600x421.jpg 600w, https:\/\/serviciosgasc.com\/wp-content\/uploads\/2020\/07\/Redes-1-300x210.jpg 300w, https:\/\/serviciosgasc.com\/wp-content\/uploads\/2020\/07\/Redes-1-768x539.jpg 768w\" sizes=\"(max-width: 800px) 100vw, 800px\" \/><\/figure>\n<!-- \/wp:image --><!-- wp:heading {\"align\":\"center\",\"level\":3} -->\n<h3 class=\"has-text-align-center\"><span style=\"color: #3366ff;\">Redes y Comunicaciones<\/span><\/h3>\n<!-- \/wp:heading --><!-- wp:paragraph {\"align\":\"center\"} -->\n<p class=\"has-text-align-center\">Diagn\u00f3stico, configuraci\u00f3n y reparaci\u00f3n de redes de datos Pymes y especializadas, con equipos de alta tecnolog\u00eda y personal certificado cumpliendo est\u00e1ndares de calidad del mercado<\/p>\n<!-- \/wp:paragraph --><!-- wp:button {\"textColor\":\"black\",\"customBackgroundColor\":\"#fcaf3b\",\"borderRadius\":0,\"align\":\"center\",\"className\":\"is-style-fill\"} -->\n<div class=\"wp-block-button aligncenter is-style-fill\">\u00a0<\/div>\n<!-- \/wp:button --><\/div>\n<!-- \/wp:themeisle-blocks\/advanced-column --><\/div>\n<\/div>\n<!-- \/wp:themeisle-blocks\/advanced-columns --><!-- wp:themeisle-blocks\/advanced-columns {\"id\":\"wp-block-themeisle-blocks-advanced-columns-d14fc605\",\"columns\":2,\"layout\":\"equal\",\"layoutMobile\":\"collapsedRows\",\"columnsGap\":\"nogap\",\"paddingType\":\"unlinked\",\"paddingTypeTablet\":\"unlinked\",\"paddingTypeMobile\":\"unlinked\",\"paddingTablet\":80,\"paddingMobile\":20,\"paddingTopTablet\":20,\"paddingTopMobile\":20,\"paddingRightTablet\":20,\"paddingRightMobile\":20,\"paddingBottom\":80,\"paddingBottomTablet\":40,\"paddingBottomMobile\":20,\"paddingLeftTablet\":20,\"paddingLeftMobile\":20,\"marginTablet\":20,\"marginMobile\":20,\"marginTop\":0,\"marginTopTablet\":0,\"marginTopMobile\":0,\"marginBottom\":0,\"marginBottomTablet\":0,\"marginBottomMobile\":0,\"columnsWidth\":1170,\"horizontalAlign\":\"center\",\"columnsHeightCustom\":589,\"verticalAlign\":\"center\",\"backgroundColor\":\"#eef0ed\",\"align\":\"full\"} -->\n<div id=\"wp-block-themeisle-blocks-advanced-columns-d14fc605\" class=\"wp-block-themeisle-blocks-advanced-columns alignfull has-2-columns has-desktop-equal-layout has-tablet-equal-layout has-mobile-collapsedRows-layout has-nogap-gap has-vertical-center\">\n<div class=\"wp-block-themeisle-blocks-advanced-columns-overlay\">\u00a0<\/div>\n<div class=\"innerblocks-wrap\"><!-- wp:themeisle-blocks\/advanced-column {\"id\":\"wp-block-themeisle-blocks-advanced-column-0a56ece6\",\"paddingTablet\":20,\"paddingMobile\":20,\"paddingTopTablet\":20,\"paddingTopMobile\":20,\"paddingRightTablet\":20,\"paddingRightMobile\":20,\"paddingBottomTablet\":20,\"paddingBottomMobile\":20,\"paddingLeftTablet\":20,\"paddingLeftMobile\":20,\"marginType\":\"linked\",\"margin\":0,\"marginTablet\":20,\"marginMobile\":20,\"marginTop\":0,\"marginTopTablet\":0,\"marginTopMobile\":0,\"marginRight\":20,\"marginRightTablet\":0,\"marginRightMobile\":0,\"marginBottomTablet\":0,\"marginBottomMobile\":0,\"marginLeft\":20,\"marginLeftTablet\":0,\"marginLeftMobile\":0,\"columnWidth\":\"50\"} -->\n<div id=\"wp-block-themeisle-blocks-advanced-column-0a56ece6\" class=\"wp-block-themeisle-blocks-advanced-column\"><!-- wp:image {\"id\":36,\"sizeSlug\":\"large\",\"className\":\"is-style-default\",\"hasCustomCSS\":true} -->\n<figure class=\"wp-block-image size-large is-style-default\"><img loading=\"lazy\" class=\"alignnone wp-image-180 size-full\" src=\"https:\/\/serviciosgasc.com\/wp-content\/uploads\/2020\/07\/ellemc_bezels_rack-scaled.jpg\" alt=\"\" width=\"2560\" height=\"1440\" srcset=\"https:\/\/serviciosgasc.com\/wp-content\/uploads\/2020\/07\/ellemc_bezels_rack-scaled.jpg 2560w, https:\/\/serviciosgasc.com\/wp-content\/uploads\/2020\/07\/ellemc_bezels_rack-scaled-600x338.jpg 600w, https:\/\/serviciosgasc.com\/wp-content\/uploads\/2020\/07\/ellemc_bezels_rack-300x169.jpg 300w, https:\/\/serviciosgasc.com\/wp-content\/uploads\/2020\/07\/ellemc_bezels_rack-1024x576.jpg 1024w, https:\/\/serviciosgasc.com\/wp-content\/uploads\/2020\/07\/ellemc_bezels_rack-768x432.jpg 768w, https:\/\/serviciosgasc.com\/wp-content\/uploads\/2020\/07\/ellemc_bezels_rack-1536x864.jpg 1536w, https:\/\/serviciosgasc.com\/wp-content\/uploads\/2020\/07\/ellemc_bezels_rack-2048x1152.jpg 2048w\" sizes=\"(max-width: 2560px) 100vw, 2560px\" \/><\/figure>\n<!-- \/wp:image --><!-- wp:heading {\"align\":\"center\",\"level\":3} -->\n<h3 class=\"has-text-align-center\"><span style=\"color: #3366ff;\">Servidores<\/span><\/h3>\n<!-- \/wp:heading --><!-- wp:paragraph {\"align\":\"center\"} -->\n<p>Instalaci\u00f3n, configuraci\u00f3n, mantenimiento y diagn\u00f3stico de servidores con los sistemas operativos Windows. Personal certificado para la atenci\u00f3n de virtualizaci\u00f3n con Hyper-V y VMware. Trato personalizado con acompa\u00f1amiento de los fabricantes del hardware en todo momento y especialmente con soluciones de HyperConvergencia<\/p>\n<!-- \/wp:paragraph --><!-- wp:button {\"textColor\":\"black\",\"customBackgroundColor\":\"#fcaf3b\",\"borderRadius\":0,\"align\":\"center\",\"className\":\"is-style-fill\"} -->\n<div class=\"wp-block-button aligncenter is-style-fill\">\u00a0<\/div>\n<!-- \/wp:button --><\/div>\n<!-- \/wp:themeisle-blocks\/advanced-column --><!-- wp:themeisle-blocks\/advanced-column {\"id\":\"wp-block-themeisle-blocks-advanced-column-0d33ddb4\",\"paddingTablet\":20,\"paddingMobile\":20,\"paddingTopTablet\":20,\"paddingTopMobile\":20,\"paddingRightTablet\":20,\"paddingRightMobile\":20,\"paddingBottomTablet\":20,\"paddingBottomMobile\":20,\"paddingLeftTablet\":20,\"paddingLeftMobile\":20,\"marginTablet\":20,\"marginMobile\":20,\"marginTop\":0,\"marginTopTablet\":20,\"marginTopMobile\":20,\"marginRightTablet\":0,\"marginRightMobile\":0,\"marginBottom\":0,\"marginBottomTablet\":20,\"marginBottomMobile\":20,\"marginLeftTablet\":0,\"marginLeftMobile\":0,\"backgroundImageID\":38,\"backgroundImageURL\":\"https:\/\/s33834.pcdn.co\/neve-web-agency-gb\/wp-content\/uploads\/sites\/422\/2020\/01\/neve-web-design-bg-11.jpg\",\"columnWidth\":\"50\",\"className\":\"ticss-44eccd86\",\"hasCustomCSS\":true,\"customCSS\":\"\"} -->\n<div id=\"wp-block-themeisle-blocks-advanced-column-0d33ddb4\" class=\"wp-block-themeisle-blocks-advanced-column ticss-44eccd86\"><!-- wp:image {\"id\":42,\"sizeSlug\":\"large\",\"className\":\"is-style-default\",\"hasCustomCSS\":true} -->\n<figure class=\"wp-block-image size-large is-style-default\"><img loading=\"lazy\" class=\"alignnone wp-image-181 size-full\" src=\"https:\/\/serviciosgasc.com\/wp-content\/uploads\/2020\/07\/cableado-estructurado-og.png\" alt=\"\" width=\"1200\" height=\"630\" srcset=\"https:\/\/serviciosgasc.com\/wp-content\/uploads\/2020\/07\/cableado-estructurado-og.png 1200w, https:\/\/serviciosgasc.com\/wp-content\/uploads\/2020\/07\/cableado-estructurado-og-600x315.png 600w, https:\/\/serviciosgasc.com\/wp-content\/uploads\/2020\/07\/cableado-estructurado-og-300x158.png 300w, https:\/\/serviciosgasc.com\/wp-content\/uploads\/2020\/07\/cableado-estructurado-og-1024x538.png 1024w, https:\/\/serviciosgasc.com\/wp-content\/uploads\/2020\/07\/cableado-estructurado-og-768x403.png 768w\" sizes=\"(max-width: 1200px) 100vw, 1200px\" \/><\/figure>\n<!-- \/wp:image --><!-- wp:heading {\"align\":\"center\",\"level\":3} -->\n<h3 class=\"has-text-align-center\"><span style=\"color: #3366ff;\">Cableado Estructurado<\/span><\/h3>\n<!-- \/wp:heading --><!-- wp:paragraph {\"align\":\"center\"} -->\n<p>Servicio de instalaci\u00f3n, identificaci\u00f3n, diagn\u00f3stico y reparaci\u00f3n de cableado estructurado residencial y comercial. Personal certificado por la marca NEXXT para cableados, contamos con experiencia y las mejores practicas para que su cableado sea el m\u00e1s eficiente, con las normas vigentes y est\u00e1ndares de calidad requeridos por su compa\u00f1\u00eda<\/p>\n<\/div>\n<\/div>\n<\/div>\n<!-- \/wp:paragraph -->\t\t\t\t\t<\/div>\n\t\t\t\t\t\t<\/div>\n\t\t\t\t<\/div>\n\t\t\t\t\t\t<\/div>\n\t\t\t\t\t<\/div>\n\t\t<\/div>\n\t\t\t\t\t\t\t\t<\/div>\n\t\t\t\t\t<\/div>\n\t\t<\/section>\n\t\t\t\t\t\t<\/div>\n\t\t\t\t\t\t<\/div>\n\t\t\t\t\t<\/div>\n\t\t","protected":false},"excerpt":{"rendered":"","protected":false},"author":1,"featured_media":0,"parent":0,"menu_order":0,"comment_status":"closed","ping_status":"closed","template":"","meta":{"neve_meta_sidebar":"full-width","neve_meta_container":"","neve_meta_enable_content_width":"on","neve_meta_content_width":100,"neve_meta_title_alignment":"","neve_meta_author_avatar":"","neve_post_elements_order":"","neve_meta_disable_header":"","neve_meta_disable_footer":"","neve_meta_disable_title":"on","_ti_tpc_template_sync":false,"_ti_tpc_template_id":""},"uagb_featured_image_src":{"full":false,"thumbnail":false,"medium":false,"medium_large":false,"large":false,"1536x1536":false,"2048x2048":false,"neve-blog":false},"uagb_author_info":{"display_name":"admin","author_link":"https:\/\/serviciosgasc.com\/index.php\/author\/servicomp\/"},"uagb_comment_info":0,"uagb_excerpt":null,"_links":{"self":[{"href":"https:\/\/serviciosgasc.com\/index.php\/wp-json\/wp\/v2\/pages\/69"}],"collection":[{"href":"https:\/\/serviciosgasc.com\/index.php\/wp-json\/wp\/v2\/pages"}],"about":[{"href":"https:\/\/serviciosgasc.com\/index.php\/wp-json\/wp\/v2\/types\/page"}],"author":[{"embeddable":true,"href":"https:\/\/serviciosgasc.com\/index.php\/wp-json\/wp\/v2\/users\/1"}],"replies":[{"embeddable":true,"href":"https:\/\/serviciosgasc.com\/index.php\/wp-json\/wp\/v2\/comments?post=69"}],"version-history":[{"count":4,"href":"https:\/\/serviciosgasc.com\/index.php\/wp-json\/wp\/v2\/pages\/69\/revisions"}],"predecessor-version":[{"id":192,"href":"https:\/\/serviciosgasc.com\/index.php\/wp-json\/wp\/v2\/pages\/69\/revisions\/192"}],"wp:attachment":[{"href":"https:\/\/serviciosgasc.com\/index.php\/wp-json\/wp\/v2\/media?parent=69"}],"curies":[{"name":"wp","href":"https:\/\/api.w.org\/{rel}","templated":true}]}}